{"id":1667,"date":"2026-03-16T10:09:23","date_gmt":"2026-03-16T10:09:23","guid":{"rendered":"http:\/\/www.disfrutadetuperro.com\/sisoucan\/"},"modified":"2026-03-16T11:20:33","modified_gmt":"2026-03-16T11:20:33","slug":"servicios-prestamos","status":"publish","type":"page","link":"https:\/\/disfrutadetuperro.com\/sisoucan\/servicios-prestamos\/","title":{"rendered":"SERVICIOS"},"content":{"rendered":"\n<p class=\"has-text-align-center has-black-color has-text-color has-link-color has-large-font-size wp-elements-9bc144600aabc2deebebee397d42d848\">        <strong>Mejora la relaci\u00f3n con tu perro desde hoy<\/strong><\/p>\n\n\n<h1 style=\"text-align: center;\"><img loading=\"lazy\" decoding=\"async\" class=\"alignnone  wp-image-3775\" src=\"https:\/\/disfrutadetuperro.com\/sisoucan\/wp-content\/uploads\/2026\/03\/servicios-3-300x169.jpeg\" alt=\"\" width=\"461\" height=\"259\" srcset=\"https:\/\/disfrutadetuperro.com\/sisoucan\/wp-content\/uploads\/2026\/03\/servicios-3-300x169.jpeg 300w, https:\/\/disfrutadetuperro.com\/sisoucan\/wp-content\/uploads\/2026\/03\/servicios-3-768x432.jpeg 768w, https:\/\/disfrutadetuperro.com\/sisoucan\/wp-content\/uploads\/2026\/03\/servicios-3-620x350.jpeg 620w, https:\/\/disfrutadetuperro.com\/sisoucan\/wp-content\/uploads\/2026\/03\/servicios-3.jpeg 1024w\" sizes=\"auto, (max-width: 461px) 100vw, 461px\" \/><\/h1>\n<h2 style=\"text-align: center;\">VIVIR EN ARMON\u00cdA ES POSIBLE<\/h2>\n<p>\u00a0<\/p>\n<p>\u00a0<\/p>\n<h1 style=\"text-align: center;\">Clases Particulares<\/h1>\n<p>\u00a0 \u00a0 \u00a0 \u00a0 \u00a0 \u00a0 \u00a0 \u00a0 \u00a0 \u00a0 \u00a0 \u00a0 \u00a0 \u00a0 \u00a0 \u00a0 \u00a0 \u00a0 <img loading=\"lazy\" decoding=\"async\" class=\"alignnone  wp-image-3768\" src=\"https:\/\/disfrutadetuperro.com\/sisoucan\/wp-content\/uploads\/2026\/03\/servicios-1-1-300x150.jpg\" alt=\"\" width=\"482\" height=\"241\" srcset=\"https:\/\/disfrutadetuperro.com\/sisoucan\/wp-content\/uploads\/2026\/03\/servicios-1-1-300x150.jpg 300w, https:\/\/disfrutadetuperro.com\/sisoucan\/wp-content\/uploads\/2026\/03\/servicios-1-1.jpg 520w\" sizes=\"auto, (max-width: 482px) 100vw, 482px\" \/><\/p>\n<h3>Escuela canina profesional para educar y entender a tu perro<\/h3>\n<p><strong>Educar es entender, guiar y construir confianza<\/strong><\/p>\n<p>La educaci\u00f3n es clave para el bienestar del perro y la tranquilidad de su familia. En nuestra\u00a0<strong>escuela canina en Torrej\u00f3n de Ardoz<\/strong>, trabajamos con un enfoque de\u00a0<strong>educaci\u00f3n canina en positivo<\/strong>, basado en refuerzos, motivaci\u00f3n y respeto por el animal.<\/p>\n<p>Nuestro\u00a0<strong>centro de educaci\u00f3n canina<\/strong>\u00a0ofrece diferentes programas adaptados a cada etapa de la vida del perro.<\/p>\n<p>Donde trabajaremos de forma personalizada y amena todo lo necesario con vuestro perro,\u00a0<\/p>\n<h1 style=\"text-align: center;\">\u00a0<\/h1>\n<h1 style=\"text-align: center;\">Modificaci\u00f3n de Conducta<\/h1>\n<p style=\"text-align: left;\">\u00a0 \u00a0 \u00a0 \u00a0 \u00a0 \u00a0 \u00a0 \u00a0 \u00a0 \u00a0 \u00a0 \u00a0 \u00a0 \u00a0 \u00a0 \u00a0 \u00a0 \u00a0 \u00a0 \u00a0 \u00a0 \u00a0<img loading=\"lazy\" decoding=\"async\" class=\"alignnone  wp-image-3769\" src=\"https:\/\/disfrutadetuperro.com\/sisoucan\/wp-content\/uploads\/2026\/03\/servicios-2-300x169.avif\" alt=\"\" width=\"484\" height=\"273\" srcset=\"https:\/\/disfrutadetuperro.com\/sisoucan\/wp-content\/uploads\/2026\/03\/servicios-2-300x169.avif 300w, https:\/\/disfrutadetuperro.com\/sisoucan\/wp-content\/uploads\/2026\/03\/servicios-2.avif 360w\" sizes=\"auto, (max-width: 484px) 100vw, 484px\" \/><\/p>\n<p>Si buscas un educador<strong>\u00a0canino en Torrej\u00f3n de Ardoz<\/strong>\u00a0o una\u00a0<strong>escuela canina cerca de ti<\/strong>, en Sisoucan encontrar\u00e1s un espacio profesional donde aprender, entender mejor a tu perro y construir una relaci\u00f3n basada en confianza y respeto.<\/p>\n<p>Si quieres que tu perro aprenda, se sienta equilibrado y conviva mejor en casa, nuestro equipo puede ayudarte.<\/p>\n<p><strong>Reserva tu sesi\u00f3n de adiestramiento canino en Torrej\u00f3n de Ardoz<\/strong><br \/>y descubre c\u00f3mo la educaci\u00f3n adecuada puede transformar la convivencia con tu mascota.<\/p>\n<p><strong> . Agresividad \u00a0 \u00a0 \u00a0 \u00a0 \u00a0 \u00a0 \u00a0 \u00a0 \u00a0 \u00a0 \u00a0 \u00a0 \u00a0 \u00a0 \u00a0 \u00a0 \u00a0 \u00a0 \u00a0 \u00a0 \u00a0 \u00a0 \u00a0 \u00a0 \u00a0. Timidez excesiva<\/strong><\/p>\n<p><strong> . Miedos\u00a0 \u00a0 \u00a0 \u00a0 \u00a0 \u00a0 \u00a0 \u00a0 \u00a0 \u00a0 \u00a0 \u00a0 \u00a0 \u00a0 \u00a0 \u00a0 \u00a0 \u00a0 \u00a0 \u00a0 \u00a0 \u00a0 \u00a0 \u00a0 \u00a0 \u00a0 \u00a0 \u00a0 \u00a0. Fobias<\/strong><\/p>\n<p><strong> . Ansiedad\u00a0 \u00a0 \u00a0 \u00a0 \u00a0 \u00a0 \u00a0 \u00a0 \u00a0 \u00a0 \u00a0 \u00a0 \u00a0 \u00a0 \u00a0 \u00a0 \u00a0 \u00a0 \u00a0 \u00a0 \u00a0 \u00a0 \u00a0 \u00a0 \u00a0 \u00a0 \u00a0 . Dependencia excesiva<\/strong><\/p>\n<p><strong> . Hiperactividad \u00a0 \u00a0 \u00a0 \u00a0 \u00a0 \u00a0 \u00a0 \u00a0 \u00a0 \u00a0 \u00a0 \u00a0 \u00a0 \u00a0 \u00a0 \u00a0 \u00a0 \u00a0 \u00a0 \u00a0 \u00a0 \u00a0 . Protensi\u00f3n excesiva<\/strong><\/p>\n<p><strong> .Excitabilidad excesiva\u00a0 \u00a0 \u00a0 \u00a0 \u00a0 \u00a0 \u00a0 \u00a0 \u00a0 \u00a0 \u00a0 \u00a0 \u00a0 \u00a0 \u00a0 \u00a0 \u00a0 \u00a0. Ansiedad por separaci\u00f3n<\/strong><\/p>\n<p><strong> . Invasi\u00f3n de invitados\u00a0 \u00a0 \u00a0 \u00a0 \u00a0 \u00a0 \u00a0 \u00a0 \u00a0 \u00a0 \u00a0 \u00a0 \u00a0 \u00a0 \u00a0 \u00a0 \u00a0 \u00a0. Malos h\u00e1bitos higi\u00e9nicos<\/strong><\/p>\n<h1>\u00a0<\/h1>\n<h1 style=\"text-align: center;\">Obediencia B\u00e1sica y Obediencia Avanzada<\/h1>\n<p>\u00a0 \u00a0 \u00a0 \u00a0 \u00a0 \u00a0 \u00a0 \u00a0 \u00a0 \u00a0 \u00a0 \u00a0 \u00a0 \u00a0 \u00a0 \u00a0 \u00a0 \u00a0 \u00a0 \u00a0 \u00a0 \u00a0 <img loading=\"lazy\" decoding=\"async\" class=\"wp-image-3770 alignnone\" src=\"https:\/\/disfrutadetuperro.com\/sisoucan\/wp-content\/uploads\/2026\/03\/servicios-2-300x172.jpg\" alt=\"\" width=\"466\" height=\"267\" srcset=\"https:\/\/disfrutadetuperro.com\/sisoucan\/wp-content\/uploads\/2026\/03\/servicios-2-300x172.jpg 300w, https:\/\/disfrutadetuperro.com\/sisoucan\/wp-content\/uploads\/2026\/03\/servicios-2-1024x587.jpg 1024w, https:\/\/disfrutadetuperro.com\/sisoucan\/wp-content\/uploads\/2026\/03\/servicios-2-768x440.jpg 768w, https:\/\/disfrutadetuperro.com\/sisoucan\/wp-content\/uploads\/2026\/03\/servicios-2-611x350.jpg 611w, https:\/\/disfrutadetuperro.com\/sisoucan\/wp-content\/uploads\/2026\/03\/servicios-2.jpg 1400w\" sizes=\"auto, (max-width: 466px) 100vw, 466px\" \/><\/p>\n<p>\u00a0<\/p>\n<p><strong>Ordenes de Obediencia B\u00e1sica y Obediencia Avanzada\u00a0<\/strong>(cerca y a distancia)<\/p>\n<p><strong> .- Acudir a la llamada\u00a0 \u00a0 \u00a0 \u00a0 \u00a0 \u00a0 \u00a0 \u00a0 \u00a0 \u00a0 \u00a0 \u00a0 \u00a0 \u00a0 \u00a0 \u00a0 \u00a0 \u00a0 \u00a0 \u00a0 \u00a0 \u00a0.- Quieto ante cualquier est\u00edmulo<\/strong><\/p>\n<p><strong style=\"font-size: revert; color: initial;\">.- Caminar sin tirones de correa\u00a0 \u00a0 \u00a0 \u00a0 \u00a0 \u00a0 \u00a0 \u00a0 \u00a0 \u00a0 \u00a0 \u00a0 \u00a0.- Soltar objetos<\/strong><\/p>\n<p><strong> .- No comer del suelo \u00a0 \u00a0 \u00a0 \u00a0 \u00a0 \u00a0 \u00a0 \u00a0 \u00a0 \u00a0 \u00a0 \u00a0 \u00a0 \u00a0 \u00a0 \u00a0 \u00a0 \u00a0 \u00a0 \u00a0 \u00a0.- Qu\u00e9 sea sociable<\/strong><\/p>\n<p><strong>.- Sentado\u00a0 \u00a0 \u00a0 \u00a0 \u00a0 \u00a0 \u00a0 \u00a0 \u00a0 \u00a0 \u00a0 \u00a0 \u00a0 \u00a0 \u00a0 \u00a0 \u00a0 \u00a0 \u00a0 \u00a0 \u00a0 \u00a0 \u00a0 \u00a0 \u00a0 \u00a0 \u00a0 \u00a0 \u00a0 \u00a0 \u00a0.- Tumbado<\/strong><\/p>\n<p><strong>.- etc<\/strong><\/p>\n<h1 style=\"text-align: center;\">\u00a0<\/h1>\n<h1 style=\"text-align: center;\">Clases Grupales<\/h1>\n<p><img loading=\"lazy\" decoding=\"async\" class=\"wp-image-2852 aligncenter\" src=\"https:\/\/disfrutadetuperro.com\/sisoucan\/wp-content\/uploads\/2015\/08\/IMG_56031.png\" alt=\"\" width=\"462\" height=\"347\" srcset=\"https:\/\/disfrutadetuperro.com\/sisoucan\/wp-content\/uploads\/2015\/08\/IMG_56031.png 700w, https:\/\/disfrutadetuperro.com\/sisoucan\/wp-content\/uploads\/2015\/08\/IMG_56031-467x350.png 467w\" sizes=\"auto, (max-width: 462px) 100vw, 462px\" \/><\/p>\n<p>Son clases<strong>\u00a0junto a otros perros y personas.<\/strong><\/p>\n<p><strong>Se hacen ejercicios muy variados y de formas diferentes<\/strong>, donde los due\u00f1os practican con sus mascotas, bajo la supervisi\u00f3n del educador.<\/p>\n<p>Se usa diferentes distracciones para que <strong>el perro aprenda a obedecer al due\u00f1o<\/strong> independientemente del est\u00edmulo que tenga delante.<\/p>\n<p>Clases divertidas y amenas, donde <strong>vuestro perro aprende a relacionarse con otros perros, a saber comportarse y a obedecer en cualquier situaci\u00f3n.<\/strong><\/p>\n<p><strong>Tu perro aprender\u00e1 a trabajar junto a otros perros y personas.<\/strong><\/p>\n<h1 style=\"text-align: center;\">\u00a0<\/h1>\n<h1 style=\"text-align: center;\">Formaci\u00f3n<\/h1>\n<p><img loading=\"lazy\" decoding=\"async\" class=\"  wp-image-2966 aligncenter\" src=\"http:\/\/disfrutadetuperro.com\/sisoucan\/wp-content\/uploads\/2016\/03\/3.png\" alt=\"3\" width=\"469\" height=\"352\" srcset=\"https:\/\/disfrutadetuperro.com\/sisoucan\/wp-content\/uploads\/2016\/03\/3.png 700w, https:\/\/disfrutadetuperro.com\/sisoucan\/wp-content\/uploads\/2016\/03\/3-467x350.png 467w\" sizes=\"auto, (max-width: 469px) 100vw, 469px\" \/><\/p>\n<p>Llevamos a\u00f1os formando a profesionales en el mundo del perro y de las Terapias Asistidas con Perros.<\/p>\n<p>Todos <strong>nuestros cursos est\u00e1n reconocidos por la ANACP<\/strong> (Asociaci\u00f3n Nacional de Adiestradores Caninos Profesionales), donde cualquier persona ser\u00e1 bien recibida, <strong>personas sin conocimientos previos<\/strong> que desean formarse en el mundo del perro, y <strong>profesionales<\/strong> que deseen ampliar conocimientos y perfeccionar sus t\u00e9cnicas.<\/p>\n<p>Impartimos cursos de :<\/p>\n<ul>\n<li><strong>T\u00e9cnico y Experto en Terapias Asistidas con Perros<\/strong><\/li>\n<li><strong>Educador Canino de Perro de Terapia<\/strong><\/li>\n<li><strong>Curso de Modificaci\u00f3n de Conductas<\/strong><\/li>\n<li><strong>Curso de Lenguaje Canino<\/strong><\/li>\n<li><strong>Curso de Agresividad\/Reactividad<\/strong><\/li>\n<li><strong>Curso de miedos<\/strong><\/li>\n<li><strong>Curso de Ansiedad\/estr\u00e9s<\/strong><\/li>\n<li><strong>Etc<\/strong><\/li>\n<\/ul>\n<h1 style=\"text-align: center;\">Intervenciones Asistidas con Perro<\/h1>\n<p><a href=\"http:\/\/disfrutadetuperro.com\/sisoucan\/wp-content\/uploads\/2017\/05\/modificada.png\"><img loading=\"lazy\" decoding=\"async\" class=\"aligncenter  wp-image-3108\" src=\"http:\/\/disfrutadetuperro.com\/sisoucan\/wp-content\/uploads\/2017\/05\/modificada.png\" alt=\"modificada\" width=\"377\" height=\"283\" srcset=\"https:\/\/disfrutadetuperro.com\/sisoucan\/wp-content\/uploads\/2017\/05\/modificada.png 700w, https:\/\/disfrutadetuperro.com\/sisoucan\/wp-content\/uploads\/2017\/05\/modificada-467x350.png 467w\" sizes=\"auto, (max-width: 377px) 100vw, 377px\" \/><\/a><\/p>\n<p>Llevamos a\u00f1os realizando Terapias Asistidas con Perros en diferentes instituciones, trabajando con diferentes colectivos, a trav\u00e9s del proyecto que creamos hace a\u00f1os llamado <strong>\u00abEntre patas y Manos\u00bb.<\/strong><\/p>\n<p>Nuestro<strong> equipo<\/strong> est\u00e1 formado por:<\/p>\n<ul>\n<li><strong>Logopeda y Titulada en Educaci\u00f3n Especial<\/strong><\/li>\n<li><strong>Psic\u00f3logos<\/strong><\/li>\n<li><strong>Terapeuta ocupacional<\/strong><\/li>\n<li><strong>Educadores Caninos<\/strong><\/li>\n<li><strong>El equipo canino<\/strong><\/li>\n<\/ul>\n<p>Si quer\u00e9is saber mas sobre nuestro proyecto \u00abEntre patas y manos\u00bb, sobre las terapias y nuestro trabajo, os recomendamos ir \u00a0al <strong>men\u00fa principal en el apartado \u00abTAP<\/strong>\u00bb donde podr\u00e9is saber m\u00e1s sobre este apasionante proyecto.<\/p>\n\n\n<p><\/p>\n","protected":false},"excerpt":{"rendered":"<p>Mejora la relaci\u00f3n con tu perro desde hoy VIVIR EN ARMON\u00cdA ES POSIBLE \u00a0 \u00a0 Clases Particulares \u00a0 \u00a0 \u00a0 \u00a0 \u00a0 \u00a0 \u00a0 \u00a0 \u00a0 \u00a0 \u00a0 \u00a0 \u00a0 [&hellip;]<\/p>\n","protected":false},"author":1,"featured_media":0,"parent":0,"menu_order":0,"comment_status":"closed","ping_status":"closed","template":"","meta":{"footnotes":""},"class_list":["post-1667","page","type-page","status-publish","hentry","post-container","clearfix"],"_links":{"self":[{"href":"https:\/\/disfrutadetuperro.com\/sisoucan\/wp-json\/wp\/v2\/pages\/1667","targetHints":{"allow":["GET"]}}],"collection":[{"href":"https:\/\/disfrutadetuperro.com\/sisoucan\/wp-json\/wp\/v2\/pages"}],"about":[{"href":"https:\/\/disfrutadetuperro.com\/sisoucan\/wp-json\/wp\/v2\/types\/page"}],"author":[{"embeddable":true,"href":"https:\/\/disfrutadetuperro.com\/sisoucan\/wp-json\/wp\/v2\/users\/1"}],"replies":[{"embeddable":true,"href":"https:\/\/disfrutadetuperro.com\/sisoucan\/wp-json\/wp\/v2\/comments?post=1667"}],"version-history":[{"count":73,"href":"https:\/\/disfrutadetuperro.com\/sisoucan\/wp-json\/wp\/v2\/pages\/1667\/revisions"}],"predecessor-version":[{"id":3780,"href":"https:\/\/disfrutadetuperro.com\/sisoucan\/wp-json\/wp\/v2\/pages\/1667\/revisions\/3780"}],"wp:attachment":[{"href":"https:\/\/disfrutadetuperro.com\/sisoucan\/wp-json\/wp\/v2\/media?parent=1667"}],"curies":[{"name":"wp","href":"https:\/\/api.w.org\/{rel}","templated":true}]}}