{"id":1958,"date":"2018-09-12T11:34:08","date_gmt":"2018-09-12T09:34:08","guid":{"rendered":"http:\/\/www.disfrutadetuperro.com\/sisoucan\/"},"modified":"2018-09-12T12:50:22","modified_gmt":"2018-09-12T10:50:22","slug":"taa","status":"publish","type":"page","link":"https:\/\/disfrutadetuperro.com\/sisoucan\/taa\/","title":{"rendered":"T.A.P"},"content":{"rendered":"<h1 style=\"text-align: center;\">TERAPIAS ASISTIDAS CON PERROS<\/h1>\n<h1 style=\"text-align: center;\"><strong>FAVORECIENDO EL DESARROLLO INTEGRAL DE NUESTROS USUARIOS.<\/strong><\/h1>\n<p>La <strong>Escuela Canina Sisoucan con su proyecto<\/strong>\u00a0<strong>\u201cENTRE PATAS Y MANOS\u201d<\/strong>, busca beneficiar a aquellas personas desfavorecidas en este mundo mediante Equipos Interdisciplinares de Trabajo, en los que <strong>todo aquel interesado puede integrarse,<\/strong> cuya parte principal del Equipo es el perro <b>el perro de terapia,<\/b>\u00a0proyecto que d\u00eda a d\u00eda va creciendo y que cada vez m\u00e1s personas est\u00e1n interesadas en \u00e9l.<\/p>\n<h2 style=\"text-align: center;\">CONVENIOS FIRMADOS<\/h2>\n<p>Dicho proyecto ha sido aprobado por la<strong> Delegaci\u00f3n de Educaci\u00f3n de Guadala<\/strong><strong>jara, <\/strong>colaborando actualmente en su colegio de referencia<strong> \u201cVirgen del Amparo\u201d, <\/strong>Centro de Recursos y Centro provincial de escolarizaci\u00f3n de alumnos con necesidades educativas espec\u00edficas.<\/p>\n<p><strong><img loading=\"lazy\" decoding=\"async\" class=\"alignright  wp-image-3159\" src=\"http:\/\/disfrutadetuperro.com\/sisoucan\/wp-content\/uploads\/2015\/08\/mod1.png\" alt=\"mod1\" width=\"278\" height=\"173\" \/><\/strong><\/p>\n<p><strong>La cadena ADAVIR, Residencia para mayores, <\/strong>ha acogido nuestro proyecto con los brazos abiertos, donde todos los residentes de la 3\u00aa edad disfrutan de nuestras sesiones.<\/p>\n<p><strong>Convenio de colaboraci\u00f3n con la Universidad de Villanueva, Centro Universitario, Universidad Complutense de Madrid<\/strong>, por el que nombran a la escuela Sisoucan como centro colaborador de pr\u00e1cticas de los alumnos del master de Psicopedagog\u00eda, y a su vez nombran a <strong>Pilar Fraga y a Carlos Calatayud<\/strong> como docentes colaboradores del master de Psicopedagog\u00eda.<\/p>\n<p>Se trata de un <strong>proyecto<\/strong> en el que buscamos reflejar nuestra filosof\u00eda de trabajo, <strong>de ayuda mutua entre perros y humanos<\/strong>, mediante la colaboraci\u00f3n de perros coterapeutas y diferentes instituciones p\u00fablicas y privadas, a trav\u00e9s de <strong>actividades, terapias, cursos, seminarios, talleres, conferencias y Educaci\u00f3n.<\/strong><\/p>\n<p>V\u00eddeo del proyecto <strong>\u00abENTRE PATAS Y MANOS\u00bb<\/strong><\/p>\n<div class=\"entry-embed\"><iframe loading=\"lazy\" title=\"Terapias asistidas con Perros. Escuela Canina Sisoucan\" width=\"500\" height=\"281\" src=\"https:\/\/www.youtube.com\/embed\/KdxW9hZTxxg?feature=oembed\" frameborder=\"0\" allow=\"accelerometer; autoplay; clipboard-write; encrypted-media; gyroscope; picture-in-picture; web-share\" referrerpolicy=\"strict-origin-when-cross-origin\" allowfullscreen><\/iframe><\/div>\n<h2 style=\"text-align: center;\"><strong>Nuestro proyecto se encuentra tambi\u00e9n en Ayuntamientos, Ministerio de Sanidad y Asuntos Sociales y diferentes Asociaciones sin \u00e1nimo de lucro, realizando terapias con todos ellos.<\/strong><\/h2>\n<p>Otro<strong>\u00a0objetivo <\/strong>de nuestro proyecto consiste en\u00a0<strong>\u00a0FORMAR a personal cualificado<\/strong> para que puedan desarrollar su funci\u00f3n en Equipos Interdisciplinares y en diferentes empresas del sector y tambi\u00e9n la de\u00a0<strong>preparar perros<\/strong>\u00a0<strong>coterapeutas<\/strong>\u00a0para tal fin.<\/p>\n<p>Otro <strong>objetivo<\/strong> es la opci\u00f3n que te ofrecemos en nuestro curso de T.A.P, de <strong>evaluar a tu perro<\/strong> con el fin de saber si puede ser perro coterapeuta y <strong>participar<\/strong> contigo en sesiones.<\/p>\n<p><strong>Nuestro proyecto persigue ayudar a los usuarios o colectivos m\u00e1s desfavorecidos<\/strong> (como ancianos, ni\u00f1os en riesgo de exclusi\u00f3n social, personas con alg\u00fan tipo de discapacidad, autistas, personas con depresi\u00f3n, enfermos cr\u00f3nicos\u2026) mediante la colaboraci\u00f3n de nuestros perros coterapeutas, perros espec\u00edficamente preparados para este fin.<\/p>\n<p><img loading=\"lazy\" decoding=\"async\" class=\"alignleft  wp-image-3161\" src=\"http:\/\/disfrutadetuperro.com\/sisoucan\/wp-content\/uploads\/2015\/08\/mod2.png\" alt=\"mod2\" width=\"350\" height=\"263\" srcset=\"https:\/\/disfrutadetuperro.com\/sisoucan\/wp-content\/uploads\/2015\/08\/mod2.png 700w, https:\/\/disfrutadetuperro.com\/sisoucan\/wp-content\/uploads\/2015\/08\/mod2-467x350.png 467w\" sizes=\"auto, (max-width: 350px) 100vw, 350px\" \/><\/p>\n<p>El perro no juzga, no nos cuestiona nada, s\u00f3lo nos ofrece lo mejor de s\u00ed mismo y de ah\u00ed, que nos abramos a \u00e9l y aumente la eficacia de los resultados de las Terapias Asistidas con Perros.<\/p>\n<p><strong>\u00bfTe gustar\u00eda formar parte de nuestro proyecto, integrarte en una empresa con un proyecto en busca del beneficio y la mejor\u00eda de personas desfavorecidas por diferentes circunstancias y en las que con la ayuda de un perro podemos mejorar su calidad de vida?<\/strong><\/p>\n<p>Al frente de este proyecto se encuentra <strong>Pilar Fraga,<\/strong> <strong>Logopeda y maestra de Educaci\u00f3n Especial<\/strong>, con m\u00e1s<strong> de diez a\u00f1os<\/strong> de experiencia en el sector de la educaci\u00f3n especial y la logopedia, habiendo desarrollado funciones espec\u00edficas de trabajo logop\u00e9dico y educativo, en diferentes colegios, cl\u00ednicas y centros de toda Espa\u00f1a, y <strong>Carlos Calatayud,\u00a0Instructor canino y profesor de la ANACP (Asociaci\u00f3n Nacional de Adiestradores Caninos Profesionales), con m\u00e1s de 10 a\u00f1os de experiencia en el sector.<\/strong><\/p>\n<p>Actualmente se encuentran dedicados al 100% a este apasionante proyecto, donde abrimos las puertas a diferentes<strong> instituciones colaboradoras<\/strong> en las que la Escuela Sisoucan tiene la opci\u00f3n de contribuir a la mejor\u00eda de los usuarios <strong>mediante sesiones<\/strong> de Terapia Asistida con Perros en las que <strong>nuestros alumnos\/as<\/strong> podr\u00e1n participar y aprender de forma voluntaria <strong>mediante la realizaci\u00f3n de pr\u00e1cticas con nosotros.<\/strong><\/p>\n<p><strong>NUESTRO PROYECTO \u201cENTRE PATAS Y MANOS\u201d OS OFRECE LA POSIBILIDAD DE FORMAROS COMO T\u00c9CNICOS EN INTERVENCIONES ASISTIDAS CON PERROS, CON PR\u00c1CTICAS REALES EN DIFERENTES EMPRESAS.<\/strong><\/p>\n<p><strong>NUESTRO EQUIPO VA CRECIENDO D\u00cdA A D\u00cdA DE UNA MANERA S\u00d3LIDA Y SOSTENIDA BAJO LA IMAGEN QUE NUESTRA EMPRESA REPRESENTA, FIDELIDAD, EXPERIENCIA, CONSTANCIA Y PROFESIONALIDAD.<\/strong><\/p>\n<p><strong>EL EQUIPO SISOUCAN AGRADECE A TODAS LAS ENTIDADES P\u00daBLICAS Y PRIVADAS QUE D\u00cdA TRAS D\u00cdA NOS ABREN LAS PUERTAS INTERES\u00c1NDOSE POR NUESTRO TRABAJO. TAMBI\u00c9N QUEREMOS DEDICAR DESDE NUESTRO CORAZ\u00d3N, UNAS PALABRAS DE AGRADECIMIENTO Y TERNURA AL MUNDO CANINO, QUE DE UNA FORMA U OTRA, AYUDAN AL SER HUMANO, \u00a0A AVANZAR EN SU D\u00cdA A D\u00cdA\u00a0DE FORMA DESINTERESADA Y AMABLE.<\/strong><\/p>\n<div class=\"entry-embed\"><iframe loading=\"lazy\" title=\"Terapias Asistidas con perros en la tercera edad\" width=\"500\" height=\"281\" src=\"https:\/\/www.youtube.com\/embed\/Xf6rUTgoeGs?feature=oembed\" frameborder=\"0\" allow=\"accelerometer; autoplay; clipboard-write; encrypted-media; gyroscope; picture-in-picture; web-share\" referrerpolicy=\"strict-origin-when-cross-origin\" allowfullscreen><\/iframe><\/div>\n<p>&nbsp;<\/p>\n","protected":false},"excerpt":{"rendered":"<p>TERAPIAS ASISTIDAS CON PERROS FAVORECIENDO EL DESARROLLO INTEGRAL DE NUESTROS USUARIOS. La Escuela Canina Sisoucan con su proyecto\u00a0\u201cENTRE PATAS Y MANOS\u201d, busca beneficiar a aquellas personas desfavorecidas en este mundo [&hellip;]<\/p>\n","protected":false},"author":1,"featured_media":0,"parent":0,"menu_order":0,"comment_status":"closed","ping_status":"closed","template":"","meta":{"footnotes":""},"class_list":["post-1958","page","type-page","status-publish","hentry","post-container","clearfix"],"_links":{"self":[{"href":"https:\/\/disfrutadetuperro.com\/sisoucan\/wp-json\/wp\/v2\/pages\/1958","targetHints":{"allow":["GET"]}}],"collection":[{"href":"https:\/\/disfrutadetuperro.com\/sisoucan\/wp-json\/wp\/v2\/pages"}],"about":[{"href":"https:\/\/disfrutadetuperro.com\/sisoucan\/wp-json\/wp\/v2\/types\/page"}],"author":[{"embeddable":true,"href":"https:\/\/disfrutadetuperro.com\/sisoucan\/wp-json\/wp\/v2\/users\/1"}],"replies":[{"embeddable":true,"href":"https:\/\/disfrutadetuperro.com\/sisoucan\/wp-json\/wp\/v2\/comments?post=1958"}],"version-history":[{"count":16,"href":"https:\/\/disfrutadetuperro.com\/sisoucan\/wp-json\/wp\/v2\/pages\/1958\/revisions"}],"predecessor-version":[{"id":3240,"href":"https:\/\/disfrutadetuperro.com\/sisoucan\/wp-json\/wp\/v2\/pages\/1958\/revisions\/3240"}],"wp:attachment":[{"href":"https:\/\/disfrutadetuperro.com\/sisoucan\/wp-json\/wp\/v2\/media?parent=1958"}],"curies":[{"name":"wp","href":"https:\/\/api.w.org\/{rel}","templated":true}]}}