{"id":2468,"date":"2014-05-19T12:41:43","date_gmt":"2014-05-19T11:41:43","guid":{"rendered":"http:\/\/disfrutadetuperro.com\/sisoucan\/?page_id=2468"},"modified":"2014-05-19T12:41:43","modified_gmt":"2014-05-19T11:41:43","slug":"politica-de-privacidad","status":"publish","type":"page","link":"https:\/\/disfrutadetuperro.com\/sisoucan\/politica-de-privacidad\/","title":{"rendered":"Pol\u00edtica de privacidad"},"content":{"rendered":"<div class=\"entry-content\">\n<p>Nuestra pol\u00edtica de privacidad describe como recogemos, guardamos o utilizamos la informaci\u00f3n que recabamos a trav\u00e9s de los diferentes servicios o p\u00e1ginas disponibles en este sitio. Es importante que entienda que informaci\u00f3n recogemos y como la utilizamos ya que el acceso a este sitio implica la aceptaci\u00f3n nuestra pol\u00edtica de privacidad.<\/p>\n<h3><span style=\"text-decoration: underline;\"><strong>Cookies<\/strong><\/span><\/h3>\n<p>El acceso a este puede implicar la utilizaci\u00f3n de <em>cookies<\/em>. Las <em>cookies<\/em> son peque\u00f1as cantidades de informaci\u00f3n que se almacenan en el navegador utilizado por cada usuario para que el servidor recuerde cierta informaci\u00f3n que posteriormente pueda utilizar. Esta informaci\u00f3n permite identificarle a usted como un usuario concreto y permite guardar sus preferencias personales, as\u00ed como informaci\u00f3n t\u00e9cnica como pueden ser visitas o p\u00e1ginas concretas que visite.<\/p>\n<p>Aquellos usuarios que no deseen recibir <em>cookies<\/em> o quieran ser informados antes de que se almacenen en su ordenador, pueden configurar su navegador a tal efecto.<\/p>\n<p>La mayor parte de los navegadores de hoy en d\u00eda permiten la gesti\u00f3n de las <em>cookies<\/em> de 3 formas diferentes:<\/p>\n<ol>\n<li>Las <em>cookies<\/em> no se aceptan nunca.<\/li>\n<li>El navegador pregunta al usuario si se debe aceptar cada <em>cookie<\/em>.<\/li>\n<li>Las <em>cookies<\/em> se aceptan siempre.<\/li>\n<\/ol>\n<p>El navegador tambi\u00e9n puede incluir la posibilidad de especificar mejor qu\u00e9 <em>cookies<\/em> tienen que ser aceptadas y cu\u00e1les no. En concreto, el usuario puede normalmente aceptar alguna de las siguientes opciones:<\/p>\n<ol>\n<li>rechazar las <em>cookies<\/em> de determinados dominios;<\/li>\n<li>rechazar las <em>cookies<\/em> de terceros;<\/li>\n<li>aceptar <em>cookies<\/em> como no persistentes (se eliminan cuando el navegador se cierra);<\/li>\n<li>permitir al servidor crear <em>cookies<\/em> para un dominio diferente.<\/li>\n<\/ol>\n<ul>\n<li>Para m\u00e1s informaci\u00f3n sobre Navegador Chrome pulse\u00a0<a href=\"http:\/\/support.google.com\/chrome\/answer\/95647?hl=es\" target=\"_blank\" rel=\"nofollow\">aqu\u00ed<\/a>.<\/li>\n<li>Para m\u00e1s informaci\u00f3n sobre Navegador Explorer pulse\u00a0<a href=\"http:\/\/windows.microsoft.com\/es-es\/windows7\/how-to-manage-cookies-in-internet-explorer-9\" target=\"_blank\" rel=\"nofollow\">aqu\u00ed<\/a>.<\/li>\n<li>Para m\u00e1s informaci\u00f3n sobre Navegador Firefox pulse\u00a0<a href=\"http:\/\/support.mozilla.org\/es\/kb\/habilitar-y-deshabilitar-cookies-que-los-sitios-we\" target=\"_blank\" rel=\"nofollow\">aqu\u00ed<\/a>.<\/li>\n<li>Para m\u00e1s informaci\u00f3n sobre Navegador Safari pulse\u00a0<a href=\"http:\/\/support.apple.com\/kb\/ph5042\" target=\"_blank\" rel=\"nofollow\">aqu\u00ed<\/a>.<\/li>\n<\/ul>\n<p>No obstante, tenga en cuenta que, en caso de eliminar las cookies detalladas, su navegaci\u00f3n por la p\u00e1gina puede verse afectada.<\/p>\n<p>Adem\u00e1s, los navegadores pueden tambi\u00e9n permitir a los usuarios ver y borrar <em>cookies<\/em> individualmente.<\/p>\n<p>Dispone de m\u00e1s informaci\u00f3n sobre las <em>Cookies<\/em> en: <a href=\"http:\/\/es.wikipedia.org\/wiki\/Cookie\" target=\"_blank\" rel=\"nofollow\">Wikipedia<\/a><\/p>\n<h3><span style=\"text-decoration: underline;\"><strong>Web <em>Beacons<\/em><\/strong><\/span><\/h3>\n<p>Este sitio puede albergar tambi\u00e9n <em>web beacons<\/em> (tambi\u00e9n conocidos como <em>web bugs<\/em>). Los <em>web beacons<\/em> suelen ser peque\u00f1as im\u00e1genes de un pixel por un pixel, visibles o invisibles colocados dentro del c\u00f3digo fuente de las p\u00e1ginas web de un sitio. Los <em>web beacons<\/em> sirven y se utilizan de una forma similar a las <em>cookies<\/em>. Adem\u00e1s, los <em>web beacons<\/em> suelen utilizarse para medir el tr\u00e1fico de usuarios que visitan una p\u00e1gina web y poder sacar un patr\u00f3n de los usuarios de un sitio.<\/p>\n<p>Dispone de m\u00e1s informaci\u00f3n sobre los <em>web beacons<\/em> en: <a href=\"http:\/\/es.wikipedia.org\/wiki\/Web_bug\" target=\"_blank\" rel=\"nofollow\">Wikipedia<\/a><\/p>\n<h3><span style=\"text-decoration: underline;\"><strong>Terceros<\/strong><\/span><\/h3>\n<p>En algunos casos, compartimos informaci\u00f3n sobre los visitantes de este sitio de forma an\u00f3nima o agregada con terceros como puedan ser anunciantes, patrocinadores o auditores con el \u00fanico fin de mejorar nuestros servicios. Todas estas tareas de procesamiento ser\u00e1n reguladas seg\u00fan las normas legales y se respetar\u00e1n todos sus derechos en materia de protecci\u00f3n de datos conforme a la regulaci\u00f3n vigente.<\/p>\n<p>Este sitio mide el tr\u00e1fico con diferentes soluciones que pueden utilizar <em>cookies<\/em> o <em>web beacons<\/em> para analizar lo que sucede en nuestras p\u00e1ginas. Actualmente utilizamos las siguientes soluciones para la medici\u00f3n del tr\u00e1fico de este sitio. Puede ver m\u00e1s informaci\u00f3n sobre la pol\u00edtica de privacidad de cada una de las soluciones utilizadas para tal efecto:<\/p>\n<ul>\n<li>Google (Analytics): <a href=\"http:\/\/www.google.com\/intl\/es_ALL\/privacypolicy.html\" target=\"_blank\" rel=\"nofollow\">Pol\u00edtica de Privacidad de Google Analytics<\/a><\/li>\n<li>Disqus (sistema de comentarios):\u00a0<a href=\"http:\/\/help.disqus.com\/customer\/portal\/articles\/466259-privacy-policy\" target=\"_blank\" rel=\"nofollow\">Pol\u00edtica de privacidad de Disqus<\/a><\/li>\n<\/ul>\n<p>Este sitio tambi\u00e9n puede albergar publicidad propia, de afiliados, o de redes publicitarias. Esta publicidad se muestra mediante servidores publicitarios que tambi\u00e9n utilizan <em>cookies<\/em> para mostrar contenidos publicitarios afines a los usuarios. Cada uno de estos servidores publicitarios dispone de su propia pol\u00edtica de privacidad, que puede ser consultada en sus propias p\u00e1ginas web.<\/p>\n<p>Las\u00a0<em>cookies<\/em>\u00a0son ficheros creados en el navegador del usuario para registrar su actividad en el Sitio Web y permitirle una navegaci\u00f3n m\u00e1s fluida y personalizada.<\/p>\n<table class=\"cookielawinfo-row-cat-table cookielawinfo-classic\"><thead><tr><th class=\"cookielawinfo-column-1\">Cookie<\/th><th class=\"cookielawinfo-column-2\">Tipo<\/th><th class=\"cookielawinfo-column-3\">Duraci\u00f3n<\/th><th class=\"cookielawinfo-column-4\">Descripci\u00f3n<\/th><\/tr><\/thead><tbody><tr class=\"cookielawinfo-row\"><td class=\"cookielawinfo-column-1\">cookielawinfo-checkbox-analytics<\/td><td class=\"cookielawinfo-column-2\">0<\/td><td class=\"cookielawinfo-column-3\">11 months<\/td><td class=\"cookielawinfo-column-4\">This cookie is set by GDPR Cookie Consent plugin. The cookie is used to store the user consent for the cookies in the category \"Analytics\".<\/td><\/tr><tr class=\"cookielawinfo-row\"><td class=\"cookielawinfo-column-1\">cookielawinfo-checkbox-functional<\/td><td class=\"cookielawinfo-column-2\">0<\/td><td class=\"cookielawinfo-column-3\">11 months<\/td><td class=\"cookielawinfo-column-4\">The cookie is set by GDPR cookie consent to record the user consent for the cookies in the category \"Functional\".<\/td><\/tr><tr class=\"cookielawinfo-row\"><td class=\"cookielawinfo-column-1\">cookielawinfo-checkbox-necessary<\/td><td class=\"cookielawinfo-column-2\">0<\/td><td class=\"cookielawinfo-column-3\">11 months<\/td><td class=\"cookielawinfo-column-4\">This cookie is set by GDPR Cookie Consent plugin. The cookies is used to store the user consent for the cookies in the category \"Necessary\".<\/td><\/tr><tr class=\"cookielawinfo-row\"><td class=\"cookielawinfo-column-1\">cookielawinfo-checkbox-others<\/td><td class=\"cookielawinfo-column-2\">0<\/td><td class=\"cookielawinfo-column-3\">11 months<\/td><td class=\"cookielawinfo-column-4\">This cookie is set by GDPR Cookie Consent plugin. The cookie is used to store the user consent for the cookies in the category \"Other.<\/td><\/tr><tr class=\"cookielawinfo-row\"><td class=\"cookielawinfo-column-1\">cookielawinfo-checkbox-performance<\/td><td class=\"cookielawinfo-column-2\">0<\/td><td class=\"cookielawinfo-column-3\">11 months<\/td><td class=\"cookielawinfo-column-4\">This cookie is set by GDPR Cookie Consent plugin. The cookie is used to store the user consent for the cookies in the category \"Performance\".<\/td><\/tr><tr class=\"cookielawinfo-row\"><td class=\"cookielawinfo-column-1\">viewed_cookie_policy<\/td><td class=\"cookielawinfo-column-2\">0<\/td><td class=\"cookielawinfo-column-3\">11 months<\/td><td class=\"cookielawinfo-column-4\">The cookie is set by the GDPR Cookie Consent plugin and is used to store whether or not user has consented to the use of cookies. It does not store any personal data.<\/td><\/tr><tr class=\"cookielawinfo-row\"><td class=\"cookielawinfo-column-1\">__utma<\/td><td class=\"cookielawinfo-column-2\"><\/td><td class=\"cookielawinfo-column-3\">1 a\u00f1o<\/td><td class=\"cookielawinfo-column-4\"><\/td><\/tr><\/tbody><\/table>\n<p>Para utilizar este Sitio Web no resulta necesaria la instalaci\u00f3n de\u00a0<em>cookies<\/em>. El usuario puede no aceptarlas o configurar su navegador para bloquearlas y, en su caso, eliminarlas.<\/p>\n<h3><span style=\"text-decoration: underline;\"><strong>Otras de las condiciones de uso exigidas de este sito web son:<\/strong><\/span><\/h3>\n<p>El usuario se compromete a hacer un uso diligente del sitio web y de los servicios accesibles desde el mismo, con total sujeci\u00f3n a la Ley, a las buenas costumbres y al presente aviso legal. Asimismo, se compromete, salvo autorizaci\u00f3n previa, expresa y escrita de\u00a0<strong>DisfrutadetuPerro.com<\/strong> a utilizar la informaci\u00f3n contenida en el sitio web, exclusivamente para su informaci\u00f3n, no pudiendo realizar ni directa ni indirectamente una explotaci\u00f3n comercial de los contenidos a los que tiene acceso.<\/p>\n<p>Este sitio almacena un fichero de datos relativos a los comentarios enviados a este sitio. Podr\u00e1 ejercitar sus derechos de acceso, rectificaci\u00f3n, cancelaci\u00f3n u oposici\u00f3n mediante un env\u00edo de un correo electr\u00f3nico a la direcci\u00f3n <strong>admin@disfrutadetuperro.com<\/strong>.<\/p>\n<p>Este sitio web contiene hiperenlaces que conducen a otras p\u00e1ginas web gestionadas por terceros ajenos a nuestra organizaci\u00f3n. <strong>DisfrutadetuPerro.com<\/strong> no garantiza ni se hace responsable del contenido que se recoja en dichas paginas web.<\/p>\n<p>Salvo autorizaci\u00f3n expresa, previa y por escrito de <strong>DisfrutadetuPerro.com<\/strong>, queda terminantemente prohibida la reproducci\u00f3n, excepto para uso privado, la transformaci\u00f3n, y en general cualquier otra forma de explotaci\u00f3n, por cualquier procedimiento, de todo o parte de los contenidos de este sitio web.<\/p>\n<p>Queda terminantemente prohibido realizar, sin el previo consentimiento de\u00a0<strong>DisfrutadetuPerro.com<\/strong> cualquier manipulaci\u00f3n o alteraci\u00f3n de este sitio web. Consecuentemente,\u00a0<strong>DisfrutadetuPerro.com<\/strong> no asumir\u00e1 ninguna responsabilidad derivada, o que pudiera derivarse, de dicha alteraci\u00f3n o manipulaci\u00f3n por terceros.<\/p>\n<\/div>\n","protected":false},"excerpt":{"rendered":"<p>Nuestra pol\u00edtica de privacidad describe como recogemos, guardamos o utilizamos la informaci\u00f3n que recabamos a trav\u00e9s de los diferentes servicios o p\u00e1ginas disponibles en este sitio. Es importante que entienda [&hellip;]<\/p>\n","protected":false},"author":1,"featured_media":0,"parent":0,"menu_order":0,"comment_status":"open","ping_status":"open","template":"","meta":{"footnotes":""},"class_list":["post-2468","page","type-page","status-publish","hentry","post-container","clearfix"],"_links":{"self":[{"href":"https:\/\/disfrutadetuperro.com\/sisoucan\/wp-json\/wp\/v2\/pages\/2468","targetHints":{"allow":["GET"]}}],"collection":[{"href":"https:\/\/disfrutadetuperro.com\/sisoucan\/wp-json\/wp\/v2\/pages"}],"about":[{"href":"https:\/\/disfrutadetuperro.com\/sisoucan\/wp-json\/wp\/v2\/types\/page"}],"author":[{"embeddable":true,"href":"https:\/\/disfrutadetuperro.com\/sisoucan\/wp-json\/wp\/v2\/users\/1"}],"replies":[{"embeddable":true,"href":"https:\/\/disfrutadetuperro.com\/sisoucan\/wp-json\/wp\/v2\/comments?post=2468"}],"version-history":[{"count":1,"href":"https:\/\/disfrutadetuperro.com\/sisoucan\/wp-json\/wp\/v2\/pages\/2468\/revisions"}],"predecessor-version":[{"id":2470,"href":"https:\/\/disfrutadetuperro.com\/sisoucan\/wp-json\/wp\/v2\/pages\/2468\/revisions\/2470"}],"wp:attachment":[{"href":"https:\/\/disfrutadetuperro.com\/sisoucan\/wp-json\/wp\/v2\/media?parent=2468"}],"curies":[{"name":"wp","href":"https:\/\/api.w.org\/{rel}","templated":true}]}}