{"id":2876,"date":"2018-09-07T11:07:17","date_gmt":"2018-09-07T09:07:17","guid":{"rendered":"http:\/\/disfrutadetuperro.com\/sisoucan\/?page_id=2876"},"modified":"2018-09-11T12:25:21","modified_gmt":"2018-09-11T10:25:21","slug":"prensa","status":"publish","type":"page","link":"https:\/\/disfrutadetuperro.com\/sisoucan\/prensa\/","title":{"rendered":"PRENSA"},"content":{"rendered":"<h1 style=\"text-align: center;\"><span style=\"text-decoration: underline;\">Reportaje de Sisoucan para Televisi\u00f3n Espa\u00f1ola sobre las Terapias Asistidas con Perros<\/span><\/h1>\n<p>&nbsp;<\/p>\n<div class=\"entry-embed\"><iframe loading=\"lazy\" title=\"Terapias asistidas en TVE. Escuela Sisoucan\" width=\"500\" height=\"281\" src=\"https:\/\/www.youtube.com\/embed\/YUgMV66MpJ8?feature=oembed\" frameborder=\"0\" allow=\"accelerometer; autoplay; clipboard-write; encrypted-media; gyroscope; picture-in-picture; web-share\" referrerpolicy=\"strict-origin-when-cross-origin\" allowfullscreen><\/iframe><\/div>\n<p>&nbsp;<\/p>\n<h1 style=\"text-align: center;\"><span style=\"text-decoration: underline;\">Sisoucan en Mexico<\/span><\/h1>\n<h1 style=\"text-align: center;\"><span style=\"text-decoration: underline;\">Reportaje para la Televisi\u00f3n Mexicana en nuestro paso por Tijuana, M\u00e9xico<\/span><\/h1>\n<div class=\"entry-embed\"><iframe loading=\"lazy\" title=\"Sisoucan en televisi\u00f3n de Mexico\" width=\"500\" height=\"281\" src=\"https:\/\/www.youtube.com\/embed\/yYATn9oW3GI?feature=oembed\" frameborder=\"0\" allow=\"accelerometer; autoplay; clipboard-write; encrypted-media; gyroscope; picture-in-picture; web-share\" referrerpolicy=\"strict-origin-when-cross-origin\" allowfullscreen><\/iframe><\/div>\n<p>&nbsp;<\/p>\n<h1><span style=\"text-decoration: underline;\">Reportaje de Sisoucan para Telemadrid sobre las Terapias Asistidas con Perros en la Tercera Edad.<\/span><\/h1>\n<p>&nbsp;<\/p>\n<p><img loading=\"lazy\" decoding=\"async\" class=\"alignleft  wp-image-3030\" src=\"http:\/\/disfrutadetuperro.com\/sisoucan\/wp-content\/uploads\/2015\/10\/Telemadrid-reducida.png\" alt=\"Telemadrid-reducida\" width=\"313\" height=\"176\" srcset=\"https:\/\/disfrutadetuperro.com\/sisoucan\/wp-content\/uploads\/2015\/10\/Telemadrid-reducida.png 700w, https:\/\/disfrutadetuperro.com\/sisoucan\/wp-content\/uploads\/2015\/10\/Telemadrid-reducida-620x350.png 620w\" sizes=\"auto, (max-width: 313px) 100vw, 313px\" \/><\/p>\n<p><img loading=\"lazy\" decoding=\"async\" class=\"alignright  wp-image-3027\" src=\"http:\/\/disfrutadetuperro.com\/sisoucan\/wp-content\/uploads\/2015\/10\/20160129_125614.png\" alt=\"20160129_125614\" width=\"288\" height=\"162\" srcset=\"https:\/\/disfrutadetuperro.com\/sisoucan\/wp-content\/uploads\/2015\/10\/20160129_125614.png 700w, https:\/\/disfrutadetuperro.com\/sisoucan\/wp-content\/uploads\/2015\/10\/20160129_125614-620x350.png 620w\" sizes=\"auto, (max-width: 288px) 100vw, 288px\" \/><\/p>\n<p>&nbsp;<\/p>\n<p>&nbsp;<\/p>\n<p>&nbsp;<\/p>\n<p>&nbsp;<\/p>\n<p>&nbsp;<\/p>\n<p>&nbsp;<\/p>\n<h1><span style=\"text-decoration: underline;\">Sisoucan en Mexico, en el estado de Tijuana, en el programa \u00abHola California\u00bb<\/span><\/h1>\n<p><span style=\"text-decoration: underline;\"><img loading=\"lazy\" decoding=\"async\" class=\"alignleft  wp-image-3029\" src=\"http:\/\/disfrutadetuperro.com\/sisoucan\/wp-content\/uploads\/2015\/10\/FullSizeRender.png\" alt=\"FullSizeRender\" width=\"252\" height=\"448\" srcset=\"https:\/\/disfrutadetuperro.com\/sisoucan\/wp-content\/uploads\/2015\/10\/FullSizeRender.png 720w, https:\/\/disfrutadetuperro.com\/sisoucan\/wp-content\/uploads\/2015\/10\/FullSizeRender-197x350.png 197w\" sizes=\"auto, (max-width: 252px) 100vw, 252px\" \/><\/span><\/p>\n<p><span style=\"text-decoration: underline;\">\u00a0<\/span><\/p>\n<p><a href=\"http:\/\/disfrutadetuperro.com\/sisoucan\/wp-content\/uploads\/2015\/10\/FullSizeRender-1.png\"><img loading=\"lazy\" decoding=\"async\" class=\"alignright  wp-image-3028\" src=\"http:\/\/disfrutadetuperro.com\/sisoucan\/wp-content\/uploads\/2015\/10\/FullSizeRender-1.png\" alt=\"FullSizeRender-(1)\" width=\"343\" height=\"256\" srcset=\"https:\/\/disfrutadetuperro.com\/sisoucan\/wp-content\/uploads\/2015\/10\/FullSizeRender-1.png 800w, https:\/\/disfrutadetuperro.com\/sisoucan\/wp-content\/uploads\/2015\/10\/FullSizeRender-1-469x350.png 469w\" sizes=\"auto, (max-width: 343px) 100vw, 343px\" \/><\/a><\/p>\n<p>&nbsp;<\/p>\n<p>&nbsp;<\/p>\n<p>&nbsp;<\/p>\n<p>&nbsp;<\/p>\n<p>&nbsp;<\/p>\n<p>&nbsp;<\/p>\n<p>&nbsp;<\/p>\n<p>&nbsp;<\/p>\n<p>&nbsp;<\/p>\n<p>&nbsp;<\/p>\n<p>&nbsp;<\/p>\n<h1><span style=\"text-decoration: underline;\"><strong>Reportaje de Sisoucan para TVE, LA 1\u00aa, sobre las Terapias Asistidas con Perros\u00a0<\/strong><\/span><\/h1>\n<p><a href=\"http:\/\/disfrutadetuperro.com\/sisoucan\/wp-content\/uploads\/2015\/10\/IMG_0639.png\"><img loading=\"lazy\" decoding=\"async\" class=\"alignleft  wp-image-3039\" src=\"http:\/\/disfrutadetuperro.com\/sisoucan\/wp-content\/uploads\/2015\/10\/IMG_0639.png\" alt=\"IMG_0639\" width=\"287\" height=\"215\" srcset=\"https:\/\/disfrutadetuperro.com\/sisoucan\/wp-content\/uploads\/2015\/10\/IMG_0639.png 700w, https:\/\/disfrutadetuperro.com\/sisoucan\/wp-content\/uploads\/2015\/10\/IMG_0639-467x350.png 467w\" sizes=\"auto, (max-width: 287px) 100vw, 287px\" \/><\/a><\/p>\n<p><a href=\"http:\/\/disfrutadetuperro.com\/sisoucan\/wp-content\/uploads\/2015\/10\/IMG_0637.png\"><img loading=\"lazy\" decoding=\"async\" class=\"alignright  wp-image-3038\" src=\"http:\/\/disfrutadetuperro.com\/sisoucan\/wp-content\/uploads\/2015\/10\/IMG_0637.png\" alt=\"IMG_0637\" width=\"299\" height=\"224\" srcset=\"https:\/\/disfrutadetuperro.com\/sisoucan\/wp-content\/uploads\/2015\/10\/IMG_0637.png 700w, https:\/\/disfrutadetuperro.com\/sisoucan\/wp-content\/uploads\/2015\/10\/IMG_0637-467x350.png 467w\" sizes=\"auto, (max-width: 299px) 100vw, 299px\" \/><\/a><\/p>\n<p>&nbsp;<\/p>\n<p>&nbsp;<\/p>\n<p>&nbsp;<\/p>\n<p>&nbsp;<\/p>\n<p>&nbsp;<\/p>\n<p>&nbsp;<\/p>\n<p>&nbsp;<\/p>\n<h1><span style=\"text-decoration: underline;\">Conferencias en diferentes Comunidades sobre las Terapias Asistidas con Perros, sus beneficios y la Educaci\u00f3n del Perro de Terapia<\/span><\/h1>\n<p><a href=\"http:\/\/disfrutadetuperro.com\/sisoucan\/wp-content\/uploads\/2015\/10\/mod2.png\"><img loading=\"lazy\" decoding=\"async\" class=\"alignleft  wp-image-3050\" src=\"http:\/\/disfrutadetuperro.com\/sisoucan\/wp-content\/uploads\/2015\/10\/mod2.png\" alt=\"mod2\" width=\"587\" height=\"440\" srcset=\"https:\/\/disfrutadetuperro.com\/sisoucan\/wp-content\/uploads\/2015\/10\/mod2.png 700w, https:\/\/disfrutadetuperro.com\/sisoucan\/wp-content\/uploads\/2015\/10\/mod2-467x350.png 467w\" sizes=\"auto, (max-width: 587px) 100vw, 587px\" \/><\/a><\/p>\n<h3><\/h3>\n<p>&nbsp;<\/p>\n<h1><\/h1>\n<h1><\/h1>\n<h1><\/h1>\n<h1><\/h1>\n<h1><\/h1>\n<h1><\/h1>\n<h1><\/h1>\n<h1><\/h1>\n<h1><\/h1>\n<h1><span style=\"text-decoration: underline;\">Entrevista a Carlos Calatayud y la Escuela Sisoucan en Oid Radio Nacional.<\/span><\/h1>\n<div class=\"entry-embed\"><iframe loading=\"lazy\" title=\"Entrevista a Carlos Calatayud y la Escuela Sisoucan en Oid Radio Nacional\" width=\"500\" height=\"281\" src=\"https:\/\/www.youtube.com\/embed\/sjwVBdpsXHo?start=19&#038;feature=oembed\" frameborder=\"0\" allow=\"accelerometer; autoplay; clipboard-write; encrypted-media; gyroscope; picture-in-picture; web-share\" referrerpolicy=\"strict-origin-when-cross-origin\" allowfullscreen><\/iframe><\/div>\n<h1>El trabajo de la Escuela Sisoucan y su recorrido en las Intervenciones Asistidas con perros ha sido publicado en mas de un peri\u00f3dico digital en territorio nacional y en territorio local.<\/h1>\n<p>http:\/\/www.teleprensa.com\/henares\/el-centro-de-mayores-adavir-de-torrejon-incorpora-la-terapia-asistida-con-perros.html<\/p>\n<p>https:\/\/synaptica.es\/noticia\/aumentan-los-centros-asistenciales-que-se-suman-a-las-terapias-asistidas-con-perros-en-la-atencion-a<\/p>\n<p>http:\/\/www.laquincena.es\/noticias\/saludcienciauniv\/2015042069699\/adavir-apuesta-terapia-asistida-perros-atencion-personas-mayores<\/p>\n<p>http:\/\/nosotroslosmayores.com\/noticias\/2261\/adavir-apuesta-por-la-terapia-asistida-con-perros.html<\/p>\n<p>http:\/\/www.entremayores.es\/spa\/ccaa.asp?var2=Madrid&#038;var3=Adavir%20apuesta%20por%20la%20terapia%20asistida%20con%20perros%20en%20la%20atenci%F3n%20de%20las%20personas%20mayores&#038;nar1=3&#038;nar2=25&#038;nar3=21163&#038;nar5=1<\/p>\n<p>http:\/\/www.news3edad.com\/2015\/04\/20\/adavir-ha-incorporado-en-su-centro-de-torrej%C3%B3n-de-ardoz-la-terapia-asistida-con-perros\/<\/p>\n","protected":false},"excerpt":{"rendered":"<p>Reportaje de Sisoucan para Televisi\u00f3n Espa\u00f1ola sobre las Terapias Asistidas con Perros &nbsp; &nbsp; Sisoucan en Mexico Reportaje para la Televisi\u00f3n Mexicana en nuestro paso por Tijuana, M\u00e9xico &nbsp; Reportaje [&hellip;]<\/p>\n","protected":false},"author":1,"featured_media":0,"parent":0,"menu_order":0,"comment_status":"open","ping_status":"open","template":"","meta":{"footnotes":""},"class_list":["post-2876","page","type-page","status-publish","hentry","post-container","clearfix"],"_links":{"self":[{"href":"https:\/\/disfrutadetuperro.com\/sisoucan\/wp-json\/wp\/v2\/pages\/2876","targetHints":{"allow":["GET"]}}],"collection":[{"href":"https:\/\/disfrutadetuperro.com\/sisoucan\/wp-json\/wp\/v2\/pages"}],"about":[{"href":"https:\/\/disfrutadetuperro.com\/sisoucan\/wp-json\/wp\/v2\/types\/page"}],"author":[{"embeddable":true,"href":"https:\/\/disfrutadetuperro.com\/sisoucan\/wp-json\/wp\/v2\/users\/1"}],"replies":[{"embeddable":true,"href":"https:\/\/disfrutadetuperro.com\/sisoucan\/wp-json\/wp\/v2\/comments?post=2876"}],"version-history":[{"count":20,"href":"https:\/\/disfrutadetuperro.com\/sisoucan\/wp-json\/wp\/v2\/pages\/2876\/revisions"}],"predecessor-version":[{"id":3214,"href":"https:\/\/disfrutadetuperro.com\/sisoucan\/wp-json\/wp\/v2\/pages\/2876\/revisions\/3214"}],"wp:attachment":[{"href":"https:\/\/disfrutadetuperro.com\/sisoucan\/wp-json\/wp\/v2\/media?parent=2876"}],"curies":[{"name":"wp","href":"https:\/\/api.w.org\/{rel}","templated":true}]}}