{"id":3180,"date":"2019-10-08T08:05:02","date_gmt":"2019-10-08T06:05:02","guid":{"rendered":"http:\/\/disfrutadetuperro.com\/sisoucan\/?page_id=3180"},"modified":"2019-10-23T13:19:52","modified_gmt":"2019-10-23T11:19:52","slug":"libro","status":"publish","type":"page","link":"https:\/\/disfrutadetuperro.com\/sisoucan\/libro\/","title":{"rendered":"Libro"},"content":{"rendered":"<h1 style=\"text-align: center;\">\u00a0LA EDUCACI\u00d3N MARCA LA DIFERENCIA<\/h1>\n<h1 style=\"text-align: center;\">SENTANDO LAS BASES DE LA EDUCACI\u00d3N CANINA<\/h1>\n<p><a href=\"http:\/\/disfrutadetuperro.com\/sisoucan\/wp-content\/uploads\/2018\/03\/mod-5.png\"><img loading=\"lazy\" decoding=\"async\" class=\"aligncenter  wp-image-3199\" src=\"http:\/\/disfrutadetuperro.com\/sisoucan\/wp-content\/uploads\/2018\/03\/mod-5.png\" alt=\"mod-5\" width=\"228\" height=\"317\" srcset=\"https:\/\/disfrutadetuperro.com\/sisoucan\/wp-content\/uploads\/2018\/03\/mod-5.png 510w, https:\/\/disfrutadetuperro.com\/sisoucan\/wp-content\/uploads\/2018\/03\/mod-5-252x350.png 252w\" sizes=\"auto, (max-width: 228px) 100vw, 228px\" \/><\/a><\/p>\n<p>Un libro de\u00a0<strong>Carlos Calatayud Fern\u00e1ndez\u00a0<\/strong>por la editorial <strong>Circulo Rojo<\/strong><\/p>\n<p style=\"text-align: justify;\">Este libro recoge una metodolog\u00eda que ha ayudado en la rehabilitaci\u00f3n de cientos de perros al borde del sacrificio y a cientos de personas en la educaci\u00f3n de su perro. Una metodolog\u00eda basada en la teor\u00eda de aprendizaje animal, en la psicolog\u00eda y neuropsicolog\u00eda canina.<\/p>\n<div class=\"resumen\" style=\"text-align: justify;\">\n<p>Con m\u00e1s de 10 a\u00f1os de formaci\u00f3n, trabajo, an\u00e1lisis e investigaci\u00f3n en el mundo canino, el autor ofrece las herramientas necesarias para crear unas bases s\u00f3lidas de educaci\u00f3n en cualquier edad del perro.<br \/>\nSu intenci\u00f3n es evitar que aparezcan problemas de comportamiento en el perro, problemas que podemos evitar anticip\u00e1ndonos a ellos con las t\u00e9cnicas y conocimientos adecuados.<br \/>\n\u00bfPara qu\u00e9 vamos a esperar a que aparezcan si podemos anticiparnos y evitarlos? El prop\u00f3sito es haceros part\u00edcipes de esta metodolog\u00eda, para aprender, saber y conocer qu\u00e9 hacer y c\u00f3mo hacerlo en cada momento, para establecer las bases de la educaci\u00f3n canina. La educaci\u00f3n marca la diferencia en el bienestar animal y equilibrio emocional.<a href=\"http:\/\/disfrutadetuperro.com\/sisoucan\/wp-content\/uploads\/2018\/03\/mod3.png\"><img loading=\"lazy\" decoding=\"async\" class=\"alignright  wp-image-3186\" src=\"http:\/\/disfrutadetuperro.com\/sisoucan\/wp-content\/uploads\/2018\/03\/mod3.png\" alt=\"mod3\" width=\"174\" height=\"154\" srcset=\"https:\/\/disfrutadetuperro.com\/sisoucan\/wp-content\/uploads\/2018\/03\/mod3.png 700w, https:\/\/disfrutadetuperro.com\/sisoucan\/wp-content\/uploads\/2018\/03\/mod3-396x350.png 396w\" sizes=\"auto, (max-width: 174px) 100vw, 174px\" \/><\/a><\/p>\n<\/div>\n<div class=\"related-data\">\n<ul style=\"text-align: justify;\">\n<li>Colecci\u00f3n: Docencia o aprendizaje<\/li>\n<li>ISBN: 9788491833949<\/li>\n<li>Formatos: Tapa blanda<\/li>\n<li>Tama\u00f1os: 15&#215;21<\/li>\n<li>P\u00e1ginas: 248<\/li>\n<\/ul>\n<p style=\"text-align: justify;\">Un libro totalmente did\u00e1ctico donde se explica paso a paso <strong>una metodolog\u00eda<\/strong> que ha\u00a0ayuda<img loading=\"lazy\" decoding=\"async\" class=\"alignright  wp-image-3185\" src=\"http:\/\/disfrutadetuperro.com\/sisoucan\/wp-content\/uploads\/2018\/03\/mod2.png\" alt=\"mod2\" width=\"183\" height=\"243\" srcset=\"https:\/\/disfrutadetuperro.com\/sisoucan\/wp-content\/uploads\/2018\/03\/mod2.png 700w, https:\/\/disfrutadetuperro.com\/sisoucan\/wp-content\/uploads\/2018\/03\/mod2-263x350.png 263w\" sizes=\"auto, (max-width: 183px) 100vw, 183px\" \/>do en la rehabilitaci\u00f3n de cientos de casos. Un libro que os ayudar\u00e1 a <strong>entender como aprenden los perros, su psicolog\u00eda, su gesti\u00f3n emocional, todo lo que debes saber sobre su estr\u00e9s, como aplicar las t\u00e9cnicas, las herramientas, la influencia del propietario sobre la personalidad del perro,<\/strong> y t<span class=\"text_exposed_show\">odo lo\u00a0necesario para que pod\u00e1is entender y aprender a saber usar la metodolog\u00eda con vuestro perro o cualquier otro perro. Un libro totalmente a color, <strong>250 p\u00e1ginas de f\u00e1cil lectura<\/strong>, con mas de 50\u00a0<strong>fotos ilustrativas<\/strong> que os ayudar\u00e1n a entender el contenido. <strong>NO es un libro de adiestramiento<\/strong> donde se explican ordenes de obediencia b\u00e1sica. Es un libro que os ayudar\u00e1 a resolver cantidad de problemas y que os servir\u00e1 de gu\u00eda para el aprendizaje. Desde su presentaci\u00f3n en p\u00fablico no paramos de recibir mensajes sorprendentes de recomendaci\u00f3n sobre el libro. <\/span><\/p>\n<p style=\"text-align: justify;\"><strong><span class=\"text_exposed_show\">YA LA VENTA EN LA ESCUELA SISOUCAN. <\/span><\/strong><\/p>\n<p style=\"text-align: justify;\"><span class=\"text_exposed_show\">Todos aquellos que est\u00e9is interesados en el libro, y no pod\u00e1is acercaros a la escuela a comprarlo, solo ten\u00e9is que escribirnos un privado indic\u00e1ndonos vuestra direcci\u00f3n y os lo haremos llegar cuanto antes.<\/span><\/p>\n<h5 style=\"text-align: justify;\"><strong>P.V.P.\u00a0 15 \u20ac gastos de env\u00edo incluidos<\/strong><\/h5>\n<h5 style=\"text-align: justify;\"><\/h5>\n<\/div>\n","protected":false},"excerpt":{"rendered":"<p>\u00a0LA EDUCACI\u00d3N MARCA LA DIFERENCIA SENTANDO LAS BASES DE LA EDUCACI\u00d3N CANINA Un libro de\u00a0Carlos Calatayud Fern\u00e1ndez\u00a0por la editorial Circulo Rojo Este libro recoge una metodolog\u00eda que ha ayudado en [&hellip;]<\/p>\n","protected":false},"author":1,"featured_media":0,"parent":0,"menu_order":0,"comment_status":"open","ping_status":"open","template":"","meta":{"footnotes":""},"class_list":["post-3180","page","type-page","status-publish","hentry","post-container","clearfix"],"_links":{"self":[{"href":"https:\/\/disfrutadetuperro.com\/sisoucan\/wp-json\/wp\/v2\/pages\/3180","targetHints":{"allow":["GET"]}}],"collection":[{"href":"https:\/\/disfrutadetuperro.com\/sisoucan\/wp-json\/wp\/v2\/pages"}],"about":[{"href":"https:\/\/disfrutadetuperro.com\/sisoucan\/wp-json\/wp\/v2\/types\/page"}],"author":[{"embeddable":true,"href":"https:\/\/disfrutadetuperro.com\/sisoucan\/wp-json\/wp\/v2\/users\/1"}],"replies":[{"embeddable":true,"href":"https:\/\/disfrutadetuperro.com\/sisoucan\/wp-json\/wp\/v2\/comments?post=3180"}],"version-history":[{"count":15,"href":"https:\/\/disfrutadetuperro.com\/sisoucan\/wp-json\/wp\/v2\/pages\/3180\/revisions"}],"predecessor-version":[{"id":3297,"href":"https:\/\/disfrutadetuperro.com\/sisoucan\/wp-json\/wp\/v2\/pages\/3180\/revisions\/3297"}],"wp:attachment":[{"href":"https:\/\/disfrutadetuperro.com\/sisoucan\/wp-json\/wp\/v2\/media?parent=3180"}],"curies":[{"name":"wp","href":"https:\/\/api.w.org\/{rel}","templated":true}]}}