{"id":714,"date":"2023-04-16T07:10:47","date_gmt":"2023-04-16T07:10:47","guid":{"rendered":"http:\/\/www.disfrutadetuperro.com\/sisoucan\/"},"modified":"2026-02-26T15:26:40","modified_gmt":"2026-02-26T15:26:40","slug":"contacto","status":"publish","type":"page","link":"https:\/\/disfrutadetuperro.com\/sisoucan\/contacto\/","title":{"rendered":"CV \/ Contacto"},"content":{"rendered":"<h1 style=\"text-align: center;\"><\/h1>\n<h1 style=\"text-align: center;\">Carlos Calatayud<\/h1>\n<p><a href=\"http:\/\/disfrutadetuperro.com\/sisoucan\/wp-content\/uploads\/2016\/03\/mod3.png\"><img loading=\"lazy\" decoding=\"async\" class=\"  wp-image-3053 alignleft\" src=\"http:\/\/disfrutadetuperro.com\/sisoucan\/wp-content\/uploads\/2016\/03\/mod3.png\" alt=\"mod3\" width=\"336\" height=\"252\" srcset=\"https:\/\/disfrutadetuperro.com\/sisoucan\/wp-content\/uploads\/2016\/03\/mod3.png 700w, https:\/\/disfrutadetuperro.com\/sisoucan\/wp-content\/uploads\/2016\/03\/mod3-467x350.png 467w\" sizes=\"auto, (max-width: 336px) 100vw, 336px\" \/><\/a><\/p>\n<p style=\"text-align: justify;\"><strong>Autor del libro<\/strong> \u00abLa educaci\u00f3n marca la diferencia. Sentando las bases de la educaci\u00f3n canina\u00bb.<\/p>\n<p style=\"text-align: justify;\"><strong>Diplomado en Ciencias Empresariales y Licenciado en Ciencias \u00a0Econ\u00f3micas<\/strong><\/p>\n<p style=\"text-align: justify;\"><strong>Director, gerente y propietario <\/strong>del Centro Veterinario Sisoucan.<\/p>\n<p style=\"text-align: justify;\"><strong>Director , gerente y propietario <\/strong>de la Escuela Canina Sisoucan.<\/p>\n<p style=\"text-align: justify;\"><strong>Presidente y\u00a0Fundador\u00a0<\/strong>del Club Canino Sisoucan<\/p>\n<p style=\"text-align: justify;\"><strong>Educador Canino y Entrenador de perros de Terapia<\/strong><\/p>\n<p style=\"text-align: justify;\">Creador y Fundador de \u00ab<strong>Sisoucan Dog Academy<\/strong>\u00bb para la formaci\u00f3n de T\u00e9cnicos y Expertos en Terapias Asistidas con Perros y Entrenador del perro de Terapia<\/p>\n<p style=\"text-align: justify;\">Creador y Fundador de la metodolog\u00eda \u00ab<strong> Progreso en Acci\u00f3n\u00bb<\/strong> para el entrenamiento de Perros de Terapia.<\/p>\n<p style=\"text-align: justify;\">Creador y Fundador de la metodolog\u00eda<strong> \u00abLearning to connect\u00bb <\/strong>para la modificaci\u00f3n de conductas.<\/p>\n<p style=\"text-align: justify;\"><strong>Prof<img loading=\"lazy\" decoding=\"async\" class=\"  wp-image-2868 alignright\" src=\"http:\/\/disfrutadetuperro.com\/sisoucan\/wp-content\/uploads\/2015\/09\/foto1.png\" alt=\"foto1\" width=\"325\" height=\"244\" srcset=\"https:\/\/disfrutadetuperro.com\/sisoucan\/wp-content\/uploads\/2015\/09\/foto1.png 700w, https:\/\/disfrutadetuperro.com\/sisoucan\/wp-content\/uploads\/2015\/09\/foto1-467x350.png 467w\" sizes=\"auto, (max-width: 325px) 100vw, 325px\" \/>esor de la ANACP <\/strong>(Asociaci\u00f3n Nacional de Adiestradores Caninos Profesionales)<\/p>\n<p style=\"text-align: justify;\"><strong>Titulado Master <\/strong>en psicolog\u00eda y psicopatolog\u00eda aplicada a la Cl\u00ednica y a la Educaci\u00f3n del Perro<\/p>\n<p style=\"text-align: justify;\"><strong>Juez Evaluador <\/strong>del CCE (Ciudadano Canino Ejemplar)<\/p>\n<p style=\"text-align: justify;\"><strong>Diplomado en \u00ab<\/strong>Etolog\u00eda aplicada al Trabajo Profesional con Perros y otros Animales\u00bb por la Universidad Aut\u00f3noma de Baja California, Facultad de Medicina y Psicolog\u00eda, en Tijuana, Baja California, M\u00e9xico, Impartido por Ricardo Forastieri<strong>.\u00a0<\/strong><\/p>\n<h2 style=\"text-align: justify;\"><span style=\"font-size: 1.17em;\">Tfno: 661 09 81 01<\/span><\/h2>\n<h2 style=\"text-align: justify;\">email: <strong><a href=\"mailto:disfrutadetuperro@gmail.com\">disfrutadetuperro@gmail.com<\/a><\/strong><\/h2>\n<div class=\"nta_wa_button\" data-id=\"3664\" data-info=\"{&quot;name&quot;:&quot;Escuela Canina Sisoucan&quot;,&quot;info&quot;:{&quot;number&quot;:&quot;+34661098101&quot;,&quot;title&quot;:&quot;Escuela Canina Sisoucan&quot;,&quot;predefinedText&quot;:&quot;[njwa_page_url]\\r\\n\\r\\nHola, me gustar\\u00eda m\\u00e1s informaci\\u00f3n sobre ...&quot;,&quot;willBeBackText&quot;:&quot;Volver\\u00e9 en [njwa_time_work]&quot;,&quot;dayOffsText&quot;:&quot;Volver\\u00e9 pronto&quot;,&quot;isAlwaysAvailable&quot;:&quot;ON&quot;,&quot;daysOfWeekWorking&quot;:{&quot;sunday&quot;:{&quot;isWorkingOnDay&quot;:&quot;OFF&quot;,&quot;workHours&quot;:[{&quot;startTime&quot;:&quot;08:00&quot;,&quot;endTime&quot;:&quot;17:30&quot;}]},&quot;monday&quot;:{&quot;isWorkingOnDay&quot;:&quot;OFF&quot;,&quot;workHours&quot;:[{&quot;startTime&quot;:&quot;08:00&quot;,&quot;endTime&quot;:&quot;17:30&quot;}]},&quot;tuesday&quot;:{&quot;isWorkingOnDay&quot;:&quot;OFF&quot;,&quot;workHours&quot;:[{&quot;startTime&quot;:&quot;08:00&quot;,&quot;endTime&quot;:&quot;17:30&quot;}]},&quot;wednesday&quot;:{&quot;isWorkingOnDay&quot;:&quot;OFF&quot;,&quot;workHours&quot;:[{&quot;startTime&quot;:&quot;08:00&quot;,&quot;endTime&quot;:&quot;17:30&quot;}]},&quot;thursday&quot;:{&quot;isWorkingOnDay&quot;:&quot;OFF&quot;,&quot;workHours&quot;:[{&quot;startTime&quot;:&quot;08:00&quot;,&quot;endTime&quot;:&quot;17:30&quot;}]},&quot;friday&quot;:{&quot;isWorkingOnDay&quot;:&quot;OFF&quot;,&quot;workHours&quot;:[{&quot;startTime&quot;:&quot;08:00&quot;,&quot;endTime&quot;:&quot;17:30&quot;}]},&quot;saturday&quot;:{&quot;isWorkingOnDay&quot;:&quot;OFF&quot;,&quot;workHours&quot;:[{&quot;startTime&quot;:&quot;08:00&quot;,&quot;endTime&quot;:&quot;17:30&quot;}]}}},&quot;styles&quot;:{&quot;type&quot;:&quot;round&quot;,&quot;backgroundColor&quot;:&quot;#2DB742&quot;,&quot;textColor&quot;:&quot;#fff&quot;,&quot;label&quot;:&quot;\\u00bfNecesitas ayuda? Escr\\u00edbenos&quot;,&quot;width&quot;:300,&quot;height&quot;:64},&quot;avatar&quot;:false,&quot;options&quot;:{&quot;display&quot;:{&quot;displayCondition&quot;:&quot;showAllPage&quot;,&quot;includePages&quot;:[],&quot;excludePages&quot;:[],&quot;includePosts&quot;:[],&quot;showOnDesktop&quot;:&quot;ON&quot;,&quot;showOnMobile&quot;:&quot;ON&quot;,&quot;time_symbols&quot;:&quot;h:m&quot;},&quot;styles&quot;:{&quot;title&quot;:&quot;Comenzar una conversaci\\u00f3n&quot;,&quot;responseText&quot;:&quot;El equipo suele responder en unos minutos.&quot;,&quot;description&quot;:&quot;\\u00a1Hola! Haz clic en uno de nuestros miembros de abajo para chatear por &lt;strong&gt;WhatsApp&lt;\\\/strong&gt;&quot;,&quot;backgroundColor&quot;:&quot;#2db742&quot;,&quot;textColor&quot;:&quot;#fff&quot;,&quot;titleSize&quot;:18,&quot;accountNameSize&quot;:14,&quot;descriptionTextSize&quot;:12,&quot;regularTextSize&quot;:11,&quot;scrollHeight&quot;:500,&quot;isShowScroll&quot;:&quot;OFF&quot;,&quot;isShowResponseText&quot;:&quot;ON&quot;,&quot;btnLabel&quot;:&quot;\\u00bfNecesitas ayuda? &lt;strong&gt;Chatea con nosotros&lt;\\\/strong&gt;&quot;,&quot;btnLabelWidth&quot;:156,&quot;btnPosition&quot;:&quot;right&quot;,&quot;btnLeftDistance&quot;:30,&quot;btnRightDistance&quot;:30,&quot;btnBottomDistance&quot;:30,&quot;isShowBtnLabel&quot;:&quot;ON&quot;,&quot;isShowGDPR&quot;:&quot;OFF&quot;,&quot;gdprContent&quot;:&quot;Acepta primero nuestra &lt;a href=\\&quot;https:\\\/\\\/ninjateam.org\\\/privacy-policy\\\/\\&quot;&gt;pol\\u00edtica de privacidad&lt;\\\/a&gt; para iniciar una conversaci\\u00f3n.&quot;},&quot;analytics&quot;:{&quot;enabledGoogle&quot;:&quot;OFF&quot;,&quot;enabledFacebook&quot;:&quot;OFF&quot;,&quot;enabledGoogleGA4&quot;:&quot;OFF&quot;}},&quot;gdprStatus&quot;:false,&quot;defaultAvatar&quot;:&quot;https:\\\/\\\/disfrutadetuperro.com\\\/sisoucan\\\/wp-content\\\/plugins\\\/wp-whatsapp\\\/assets\\\/img\\\/whatsapp_logo.svg&quot;}\"><\/div>\n<h1 style=\"text-align: center;\"><span style=\"text-decoration: underline;\"><strong>Formaci\u00f3n<\/strong><\/span><\/h1>\n<p style=\"text-align: justify;\"><strong>-Master en Psicolog\u00eda y Psicopatolog\u00eda Cl\u00ednica y Educativa del Perro <\/strong>por el Instituto Maslow Cattell de psicolog\u00eda<\/p>\n<p style=\"text-align: justify;\"><strong><strong>&#8211; <\/strong><\/strong>Curso de \u00bb <strong>Formador de formadores\u00bb<\/strong> organizado por el Instituto Cinol\u00f3gico Espa\u00f1ol y la Asociaci\u00f3n Nacional de Adiestradores Caninos Profesionales (ANACP), obteniendo a su vez la Certificaci\u00f3n Oficial de Profesor-Docente de la ANACP, a los efectos de profesorado, docencia e investigaci\u00f3n en el campo del adiestramiento canino profesional<u>.<\/u><\/p>\n<div style=\"text-align: justify;\"><strong><strong>&#8211; Curso de Juez evaluador\u00a0del Programa Ciudadano Canino Ejemplar (CCE), <\/strong><\/strong>convocado por el\u00a0Instituto\u00a0Cinol\u00f3gico Espa\u00f1ol, \u00f3rgano encargado de la formaci\u00f3n\u00a0continua y dependiente de\u00a0la Asociaci\u00f3n Nacional de Adiestradores Caninos\u00a0Profesionales.<\/div>\n<div style=\"text-align: justify;\"><\/div>\n<div style=\"text-align: justify;\"><strong>&#8211; Adiestrador Canino Profesional<\/strong> reconocido por la Asociaci\u00f3n Nacional de Adiestradores Caninos Profesionales y la European Association of Canine Professionals seg\u00fan Decreto 1037\/2011 de 15 de julio (BOE \u00a0n\u00ba 209)<\/div>\n<div style=\"text-align: justify;\"><\/div>\n<div style=\"text-align: justify;\"><strong>&#8211; Comportamentalista Canino<\/strong> reconocido por la Asociaci\u00f3n Nacional de Adiestradores Caninos Profesionales y la European Association of Canine Professionals seg\u00fan Decreto 1037\/2011 de 15 de julio (BOE n\u00ba 209)<\/div>\n<div style=\"text-align: justify;\"><\/div>\n<div style=\"text-align: justify;\"><strong>&#8211; Adiestramiento de Base y Educaci\u00f3n Canina. Nivel 2, adaptado a la CUALIFICACI\u00d3N PROFESIONAL del INCUAL, aprobado por Real Decreto \u00a01037\/2011 (BOE n\u00ba 209)<\/strong><\/div>\n<div style=\"text-align: justify;\"><\/div>\n<div style=\"text-align: justify;\"><\/div>\n<div style=\"text-align: justify;\"><strong>&#8211; Cursos y seminarios impartidos por el \u00c1rea de Psicolog\u00eda Cl\u00ednica y Educativa de Setter Bakio S.L<\/strong><\/div>\n<div style=\"text-align: justify;\"><\/div>\n<div>\n<ul style=\"text-align: justify;\">\n<li>Adiestramiento en Positivo<img loading=\"lazy\" decoding=\"async\" class=\"size-medium wp-image-3470 alignright\" src=\"https:\/\/disfrutadetuperro.com\/sisoucan\/wp-content\/uploads\/2019\/09\/20230223_103546-1-e1681628394303-253x300.jpg\" alt=\"\" width=\"253\" height=\"300\" srcset=\"https:\/\/disfrutadetuperro.com\/sisoucan\/wp-content\/uploads\/2019\/09\/20230223_103546-1-e1681628394303-253x300.jpg 253w, https:\/\/disfrutadetuperro.com\/sisoucan\/wp-content\/uploads\/2019\/09\/20230223_103546-1-e1681628394303-295x350.jpg 295w, https:\/\/disfrutadetuperro.com\/sisoucan\/wp-content\/uploads\/2019\/09\/20230223_103546-1-e1681628394303.jpg 700w\" sizes=\"auto, (max-width: 253px) 100vw, 253px\" \/><\/li>\n<li>Adiestramiento con Clicker<\/li>\n<li>Adiestramiento Cognitivo Emocional<\/li>\n<li>T\u00e9cnicas e Instrumentos de Adiestramiento<\/li>\n<li>Manejo de Perros dif\u00edciles en la peluquer\u00eda, cl\u00ednica veterinaria, y\u00a0durante el paseo<strong>.<br \/>\n<\/strong><\/li>\n<\/ul>\n<p style=\"text-align: justify;\"><strong>&#8211; Cursos y Seminarios impartidos\u00a0por la escuela Instintivista, impartidos y organizados por OrlandoEijo<br \/>\n<\/strong><\/p>\n<ul style=\"text-align: justify;\">\n<li>Curso de educaci\u00f3n de cachorros<\/li>\n<li>Curso de Adiestramiento B\u00e1sico<\/li>\n<li>Curso de adiestramiento Avanzado<\/li>\n<li>Curso de Agility<\/li>\n<li>Curso de Detecci\u00f3n de Qu\u00edmicos<\/li>\n<li>Curso de Localizaci\u00f3n de personas<\/li>\n<li>Curso sobre herramientas y\u00a0material de adiestramiento y su uso adecuado.<\/li>\n<li>Seminario\u00a0de Correcci\u00f3n de Conductas<\/li>\n<li>Seminario\u00a0De Adiestramiento Canino Instintivista<\/li>\n<\/ul>\n<p style=\"text-align: justify;\"><strong>&#8211; Conferencia<\/strong> de \u00abAspectos del mercado de los servicios caninos, posibilidades comerciales y perfil del consumidor de los servicios\u00bb. Impartido y organizado por <strong>OrlandoEijo<\/strong><\/p>\n<p style=\"text-align: justify;\"><strong>&#8211; Ciclo Formativo de Terapias Asistidas con perros (TAA), \u00a0<\/strong>impartidos por Peggy Gilbert (Cuerpo Canino Terap\u00e9utico Lincoln). Organizado por LealCan.<\/p>\n<ul style=\"text-align: justify;\">\n<li>Seminario de Terapia y actividades asistidas con perros (TAA)<\/li>\n<li>Seminario de Terapia y actividades asistidas con perros para ni\u00f1os<\/li>\n<li>Seminario de Terapia y actividades asistidas con perros para Ancianos<\/li>\n<li>Seminario de Terapia y actividades asistidas con perros para discapacitados<\/li>\n<li>Seminario de Terapia y actividades asistidas con perros para hijos de familias desestructuradas<\/li>\n<\/ul>\n<p style=\"text-align: justify;\"><strong>&#8211; Seminarios impartidos\u00a0por la Asociaci\u00f3n Alba<\/strong><\/p>\n<ul>\n<li>Seminarios sobre la educaci\u00f3n y cuidados de los perros\u00a0en las\u00a0asociaciones caninas de acogida.<\/li>\n<li>Seminarios de adiestramiento en positivo<\/li>\n<li>Seminarios de adiestramiento con clicker<\/li>\n<\/ul>\n<p><strong>Otros Seminarios<\/strong><\/p>\n<ul>\n<li>Seminario<strong> \u00abTrabajo con perros Reactivos\u00bb <\/strong>impartido por Emily Larlham, organizado por las escuelas damelapatita y dogstar.<\/li>\n<li style=\"text-align: justify;\"><strong>Ciclo \u00abYes &amp; Click\u00bb, \u00a0<\/strong>impartido por Pere Saavedra y Luis G\u00f3mez.<\/li>\n<li style=\"text-align: justify;\">Seminario<strong> \u00abAgresividad y Miedos\u00bb <\/strong>por Monique de Roeck<\/li>\n<li style=\"text-align: justify;\">Seminario<strong> \u00abComunicaci\u00f3n, comprensi\u00f3n y cooperaci\u00f3n\u00bb por <\/strong>Monique de Roeck<\/li>\n<li style=\"text-align: justify;\">Seminario<strong> \u00abOption\/No option\u00bb <\/strong>por Monique de Roeck<\/li>\n<\/ul>\n<p>&#8211; Curso de <strong>\u00abEducador Canino\u00bb\u00a0<\/strong>por Monique de Roeck<\/p>\n<h2 style=\"text-align: justify;\"><span style=\"text-decoration: underline;\">Experiencia Profesional <\/span><\/h2>\n<p style=\"text-align: justify;\"><strong>Adiestramiento a domicilio (m\u00e1s de 12 a\u00f1os)<\/strong><\/p>\n<ul style=\"text-align: justify;\">\n<li>Asesoramiento a futuros due\u00f1os sobre su nueva mascota, adaptaci\u00f3n, cuidados, selecci\u00f3n, educaci\u00f3n&#8230;<\/li>\n<li>Asesoramiento de como elegir un perro de una asociaci\u00f3n, como insertarlo en el hogar y el comportamiento a seguir.<\/li>\n<li>Asesoramiento a como distinguir diferentes caracteres de perros y saber elegir el m\u00e1s adecuado seg\u00fan el tipo de vida de la nueva familia.<\/li>\n<li>Pre adiestramiento de cachorros.<\/li>\n<li>Clases de obediencia b\u00e1sica y civil.<\/li>\n<li>Clases de obediencia avanzada.<\/li>\n<li>Problemas de comportamiento y\u00a0correcci\u00f3n de conductas.<\/li>\n<li>Asesoramiento a cualquier duda que haya podido surgir a los propietarios respecto a su mascota y sus conductas &#8230;<\/li>\n<\/ul>\n<p style=\"text-align: justify;\"><strong>Creaci\u00f3n y direcci\u00f3n de grupos de trabajo.<\/strong><\/p>\n<p style=\"text-align: justify;\">Clases de Educaci\u00f3n Canina en grupo (mas de 10 a\u00f1os) con perros de todas las edades, cachorros, juveniles y adultos destinados a<a href=\"http:\/\/disfrutadetuperro.com\/sisoucan\/wp-content\/uploads\/2011\/01\/IMG_24111.jpg\"><img loading=\"lazy\" decoding=\"async\" class=\"alignright size-medium wp-image-2134\" title=\"Club Canino Sisoucan\" src=\"http:\/\/disfrutadetuperro.com\/sisoucan\/wp-content\/uploads\/2011\/01\/IMG_24111-300x225.jpg\" alt=\"\" width=\"300\" height=\"225\" \/><\/a><\/p>\n<ul style=\"text-align: justify;\">\n<li>Obediencia b\u00e1sica<\/li>\n<li>Obediencia avanzada<\/li>\n<li>Educaci\u00f3n<\/li>\n<li>Asesoramiento<\/li>\n<li>Socializaci\u00f3n<\/li>\n<li>Correcci\u00f3n y modificaci\u00f3n de conductas antisociales o inadecuadas<\/li>\n<\/ul>\n<p style=\"text-align: justify;\"><strong>Colaborador en la Asociaci\u00f3n para el bienestar y liberaci\u00f3n de los animales (Alba) durante el a\u00f1o 2006<\/strong><\/p>\n<ul style=\"text-align: justify;\">\n<li>Encargado de\u00a0toda la educaci\u00f3n, psicol\u00f3gia, socializaci\u00f3n, rehabilitaci\u00f3n y equilibrio, control de conductas\u00a0de los perros acogidos en la Asociaci\u00f3n,\u00a0 encargado de asesorar a todos\u00a0los futuros adoptantes de perros, y en los posibles problemas que surgieran a los adoptantes con sus perros en la adaptaci\u00f3n a su nuevo hogar.<\/li>\n<\/ul>\n<p style=\"text-align: justify;\"><strong>Colaborador con la Asociaci\u00f3n la Madrile\u00f1a en casos dif\u00edciles durante el 2011. <\/strong>Impartiendo adicionalmente seminarios para adoptantes, colaboradores y particulares:<\/p>\n<ul style=\"text-align: justify;\">\n<li>Seminario sobre el\u00bb perro hiperactivo\u00bb<\/li>\n<li>Seminario \u00abperros reactivos\u00bb<\/li>\n<li>Seminario \u00abtratamiento del cachorro\u00bb<\/li>\n<li>Seminario \u00abagresividad canina\u00bb<\/li>\n<li>Seminario \u00abcomo introducir un perro en casa cuando ya tenemos otro\u00bb<\/li>\n<li>Seminario sobre \u00ablas bases de la educaci\u00f3n canina\u00bb<\/li>\n<\/ul>\n<p style=\"text-align: justify;\"><strong>Colaborador y Ponente de seminarios en la Cl\u00ednica Veterinaria Unzeta<\/strong><\/p>\n<ul style=\"text-align: justify;\">\n<li>Seminario sobre \u00ablas bases de la educaci\u00f3n canina\u00bb<\/li>\n<\/ul>\n<p><span style=\"text-decoration: underline;\"><strong>CURSOS IMPARTIDOS<\/strong><\/span><\/p>\n<p style=\"text-align: justify;\"><strong>Redactor y ponente de Cursos, Seminarios, talleres, conferencias, charlas, en la Escuela Sisoucan.<\/strong><\/p>\n<ul>\n<li style=\"text-align: justify;\">Creador y ponente junto a Pilar Fraga, del Curso de I.A.P (Intervenciones Asistidas con Perros)<\/li>\n<li style=\"text-align: justify;\">Curso Educador Canino de Perro de Terapia mediante la metodolog\u00eda \u00abProgreso en Acci\u00f3n\u00bb<\/li>\n<li style=\"text-align: justify;\">Conferencia sobre los beneficios de las Terapias Asistidas de perros en los diferentes colectivos con alg\u00fan tipo de discapacidad en Asociaciones, Ayuntamientos, Delegaciones, Colegios, Residencias para Mayores&#8230;.<\/li>\n<li style=\"text-align: justify;\">Charla sobre el Cachorro<\/li>\n<li style=\"text-align: justify;\">Las Bases de la Educaci\u00f3n Canina<\/li>\n<li style=\"text-align: justify;\">Charla sobre Agresividad Canina<\/li>\n<li style=\"text-align: justify;\">Taller sobre la Comunicaci\u00f3n del Perro<\/li>\n<li style=\"text-align: justify;\">Charla sobre el\u00a0Estr\u00e9s\u00a0Canino<\/li>\n<li style=\"text-align: justify;\">Charla sobre la Ansiedad en el perro<\/li>\n<li style=\"text-align: justify;\">Seminario sobre la Ansiedad por Separaci\u00f3n en el perro<\/li>\n<li style=\"text-align: justify;\">Seminario sobre los problemas del perro con dificultades en su lenguaje<\/li>\n<li style=\"text-align: justify;\">Seminario sobre miedos y fobias en los perros<\/li>\n<\/ul>\n<p style=\"text-align: justify;\"><strong>Redactor y ponente de seminarios, conferencias, charlas y talleres, dirigidos todos ellos a profesionales del sector, propietarios de perros, profesionales de la salud, y a cualquier persona interesada en el mundo canino.<\/strong><\/p>\n<p style=\"text-align: justify;\"><strong>\u00a0<\/strong><\/p>\n<\/div>\n","protected":false},"excerpt":{"rendered":"<p>Carlos Calatayud Autor del libro \u00abLa educaci\u00f3n marca la diferencia. Sentando las bases de la educaci\u00f3n canina\u00bb. Diplomado en Ciencias Empresariales y Licenciado en Ciencias \u00a0Econ\u00f3micas Director, gerente y propietario [&hellip;]<\/p>\n","protected":false},"author":1,"featured_media":0,"parent":0,"menu_order":1,"comment_status":"closed","ping_status":"closed","template":"","meta":{"footnotes":""},"class_list":["post-714","page","type-page","status-publish","hentry","post-container","clearfix"],"_links":{"self":[{"href":"https:\/\/disfrutadetuperro.com\/sisoucan\/wp-json\/wp\/v2\/pages\/714","targetHints":{"allow":["GET"]}}],"collection":[{"href":"https:\/\/disfrutadetuperro.com\/sisoucan\/wp-json\/wp\/v2\/pages"}],"about":[{"href":"https:\/\/disfrutadetuperro.com\/sisoucan\/wp-json\/wp\/v2\/types\/page"}],"author":[{"embeddable":true,"href":"https:\/\/disfrutadetuperro.com\/sisoucan\/wp-json\/wp\/v2\/users\/1"}],"replies":[{"embeddable":true,"href":"https:\/\/disfrutadetuperro.com\/sisoucan\/wp-json\/wp\/v2\/comments?post=714"}],"version-history":[{"count":48,"href":"https:\/\/disfrutadetuperro.com\/sisoucan\/wp-json\/wp\/v2\/pages\/714\/revisions"}],"predecessor-version":[{"id":3665,"href":"https:\/\/disfrutadetuperro.com\/sisoucan\/wp-json\/wp\/v2\/pages\/714\/revisions\/3665"}],"wp:attachment":[{"href":"https:\/\/disfrutadetuperro.com\/sisoucan\/wp-json\/wp\/v2\/media?parent=714"}],"curies":[{"name":"wp","href":"https:\/\/api.w.org\/{rel}","templated":true}]}}